{"id":9740,"date":"2021-02-24T10:42:15","date_gmt":"2021-02-24T10:42:15","guid":{"rendered":"https:\/\/moversco-demo.pbminfotech.com\/moversco-datasite\/?page_id=9740"},"modified":"2023-05-04T19:01:16","modified_gmt":"2023-05-04T19:01:16","slug":"homepage-6","status":"publish","type":"page","link":"https:\/\/mudecerto.net\/neweb\/","title":{"rendered":"Homepage-6"},"content":{"rendered":"<section class=\"wpb-content-wrapper\"><p>[vc_row full_width=&#8221;stretch_row_content&#8221; css=&#8221;.vc_custom_1614080913480{padding-top: 0px !important;padding-bottom: 0px !important;}&#8221;][vc_column width=&#8221;1\/2&#8243; offset=&#8221;vc_col-lg-3&#8243;]<div class=\"themestek-ihbox themestek-ihbox-style-11 themestek-ihbox-itype-icon \">\r\n\t<div class=\"themestek-sbox-bgimage-layer themestek-bgimage-layer\"><\/div>\r\n\t<div class=\"themestek-ihbox-wrapper-bg-layer themestek-bg-layer\"><\/div>\r\n\t<div class=\"themestek-ihbox-inner\">\r\n\t\t<div class=\"themestek-ihbox-icon themestek-large-icon\">\r\n\t\t\t<div class=\"themestek-ihbox-icon-wrapper\"><i class=\"themestek-moversco-business-icon themestek-moversco-business-icon-checklist\"><\/i><\/div>\t\t<\/div>\r\n\t\t<div class=\"themestek-ihbox-contents\">\r\n\t\t\t<div class=\"themestek-vc_general themestek-vc_cta3 themestek-cta3-only themestek-vc_cta3-style-classic themestek-vc_cta3-shape-rounded themestek-vc_cta3-align-left themestek-vc_cta3-color-transparent themestek-vc_cta3-icon-size-md themestek-vc_cta3-actions-no themestek-cta3-without-desc\"><div class=\"themestek-vc_cta3_content-container\"><div class=\"themestek-vc_cta3-content\"><div class=\"themestek-vc_cta3-content-header themestek-wrap\"><div class=\"themestek-vc_cta3-headers themestek-wrap-cell\"><h2 class=\"themestek-custom-heading \">Fa\u00e7a sua reserva<\/h2>\n<\/div><\/div><\/div><\/div><\/div>\t\t\t<div class=\"themestek-cta3-content-wrapper\">Pode fazer a sua reserva online ou por telefone. Sem compromissos<\/div>\t\t\t\t\t<\/div><!-- .themestek-ihbox-contents -->\r\n\t<\/div>\r\n<\/div>\r\n[\/vc_column][vc_column width=&#8221;1\/2&#8243; offset=&#8221;vc_col-lg-3&#8243;]<div class=\"themestek-ihbox themestek-ihbox-style-11 themestek-ihbox-itype-icon \">\r\n\t<div class=\"themestek-sbox-bgimage-layer themestek-bgimage-layer\"><\/div>\r\n\t<div class=\"themestek-ihbox-wrapper-bg-layer themestek-bg-layer\"><\/div>\r\n\t<div class=\"themestek-ihbox-inner\">\r\n\t\t<div class=\"themestek-ihbox-icon themestek-large-icon\">\r\n\t\t\t<div class=\"themestek-ihbox-icon-wrapper\"><i class=\"themestek-moversco-business-icon themestek-moversco-business-icon-headset-1\"><\/i><\/div>\t\t<\/div>\r\n\t\t<div class=\"themestek-ihbox-contents\">\r\n\t\t\t<div class=\"themestek-vc_general themestek-vc_cta3 themestek-cta3-only themestek-vc_cta3-style-classic themestek-vc_cta3-shape-rounded themestek-vc_cta3-align-left themestek-vc_cta3-color-transparent themestek-vc_cta3-icon-size-md themestek-vc_cta3-actions-no themestek-cta3-without-desc\"><div class=\"themestek-vc_cta3_content-container\"><div class=\"themestek-vc_cta3-content\"><div class=\"themestek-vc_cta3-content-header themestek-wrap\"><div class=\"themestek-vc_cta3-headers themestek-wrap-cell\"><h2 class=\"themestek-custom-heading \">Entraremos em contato<\/h2>\n<\/div><\/div><\/div><\/div><\/div>\t\t\t<div class=\"themestek-cta3-content-wrapper\">Caso sua reserva foi feita online nosso consultor ir\u00e1 te ligar para confirmar os dados<\/div>\t\t\t\t\t<\/div><!-- .themestek-ihbox-contents -->\r\n\t<\/div>\r\n<\/div>\r\n[\/vc_column][vc_column width=&#8221;1\/2&#8243; offset=&#8221;vc_col-lg-3&#8243;]<div class=\"themestek-ihbox themestek-ihbox-style-11 themestek-ihbox-itype-icon \">\r\n\t<div class=\"themestek-sbox-bgimage-layer themestek-bgimage-layer\"><\/div>\r\n\t<div class=\"themestek-ihbox-wrapper-bg-layer themestek-bg-layer\"><\/div>\r\n\t<div class=\"themestek-ihbox-inner\">\r\n\t\t<div class=\"themestek-ihbox-icon themestek-large-icon\">\r\n\t\t\t<div class=\"themestek-ihbox-icon-wrapper\"><i class=\"themestek-moversco-business-icon themestek-moversco-business-icon-truck\"><\/i><\/div>\t\t<\/div>\r\n\t\t<div class=\"themestek-ihbox-contents\">\r\n\t\t\t<div class=\"themestek-vc_general themestek-vc_cta3 themestek-cta3-only themestek-vc_cta3-style-classic themestek-vc_cta3-shape-rounded themestek-vc_cta3-align-left themestek-vc_cta3-color-transparent themestek-vc_cta3-icon-size-md themestek-vc_cta3-actions-no themestek-cta3-without-desc\"><div class=\"themestek-vc_cta3_content-container\"><div class=\"themestek-vc_cta3-content\"><div class=\"themestek-vc_cta3-content-header themestek-wrap\"><div class=\"themestek-vc_cta3-headers themestek-wrap-cell\"><h2 class=\"themestek-custom-heading \">Enviaremos nossa equipa<\/h2>\n<\/div><\/div><\/div><\/div><\/div>\t\t\t<div class=\"themestek-cta3-content-wrapper\">Conforme a sua reserva, nossa equipe chegar\u00e1 no dia e hora confirmado<\/div>\t\t\t\t\t<\/div><!-- .themestek-ihbox-contents -->\r\n\t<\/div>\r\n<\/div>\r\n[\/vc_column][vc_column width=&#8221;1\/2&#8243; offset=&#8221;vc_col-lg-3&#8243;]<div class=\"themestek-ihbox themestek-ihbox-style-11 themestek-ihbox-itype-icon \">\r\n\t<div class=\"themestek-sbox-bgimage-layer themestek-bgimage-layer\"><\/div>\r\n\t<div class=\"themestek-ihbox-wrapper-bg-layer themestek-bg-layer\"><\/div>\r\n\t<div class=\"themestek-ihbox-inner\">\r\n\t\t<div class=\"themestek-ihbox-icon themestek-large-icon\">\r\n\t\t\t<div class=\"themestek-ihbox-icon-wrapper\"><i class=\"themestek-moversco-business-icon themestek-moversco-business-icon-like\"><\/i><\/div>\t\t<\/div>\r\n\t\t<div class=\"themestek-ihbox-contents\">\r\n\t\t\t<div class=\"themestek-vc_general themestek-vc_cta3 themestek-cta3-only themestek-vc_cta3-style-classic themestek-vc_cta3-shape-rounded themestek-vc_cta3-align-left themestek-vc_cta3-color-transparent themestek-vc_cta3-icon-size-md themestek-vc_cta3-actions-no themestek-cta3-without-desc\"><div class=\"themestek-vc_cta3_content-container\"><div class=\"themestek-vc_cta3-content\"><div class=\"themestek-vc_cta3-content-header themestek-wrap\"><div class=\"themestek-vc_cta3-headers themestek-wrap-cell\"><h2 class=\"themestek-custom-heading \">Servi\u00e7o completo<\/h2>\n<\/div><\/div><\/div><\/div><\/div>\t\t\t<div class=\"themestek-cta3-content-wrapper\">Parab\u00e9ns servi\u00e7o feito, satisfa\u00e7\u00e3o do cliente<\/div>\t\t\t\t\t<\/div><!-- .themestek-ihbox-contents -->\r\n\t<\/div>\r\n<\/div>\r\n[\/vc_column][\/vc_row][vc_row equal_height=&#8221;yes&#8221; css=&#8221;.vc_custom_1614084937811{padding-top: 110px !important;padding-bottom: 100px !important;}&#8221; themestek_responsive_css=&#8221;66818231|colbreak_no|||||||||colbreak_yes|||||90||70||colbreak_no|||||50||40|||colbreak_no|||||||||&#8221;][vc_column width=&#8221;1\/2&#8243; css=&#8221;.vc_custom_1614163996852{background-image: url(https:\/\/mudecerto.net\/neweb\/wp-content\/uploads\/2021\/02\/new-img.png?id=9742) !important;background-position: 0 0 !important;background-repeat: no-repeat !important;}&#8221;][\/vc_column][vc_column width=&#8221;1\/2&#8243; css=&#8221;.vc_custom_1614084889898{padding-top: 50px !important;padding-left: 40px !important;}&#8221; el_class=&#8221;ts-custom-heading-style ts-progress-rounded&#8221; themestek_responsive_css=&#8221;42581711|colbreak_no|||||||||colbreak_no||||||||15|colbreak_no||||||||||colbreak_no|||||||||&#8221;]<div class=\"themestek-element-heading-wrapper themestek-heading-inner themestek-element-align-left themestek-seperator-none \"><section class=\"themestek-vc_cta3-container\"><div class=\"themestek-vc_general themestek-vc_cta3 themestek-cta3-only themestek-vc_cta3-style-classic themestek-vc_cta3-shape-rounded themestek-vc_cta3-align-left themestek-vc_cta3-color-transparent themestek-vc_cta3-icon-size-md themestek-vc_cta3-actions-no themestek-cta3-without-desc\"><div class=\"themestek-vc_cta3_content-container\"><div class=\"themestek-vc_cta3-content\"><div class=\"themestek-vc_cta3-content-header themestek-wrap\"><div class=\"themestek-vc_cta3-headers themestek-wrap-cell\"><h4 class=\"themestek-custom-heading \" >PORQUE ESCOLHER-NOS?<\/h4>\n<h2 class=\"themestek-custom-heading \" ><strong>Nosso profissionalismo e Experi\u00eancia<\/strong><\/h2>\n<\/div><\/div><\/div><\/div><\/div><\/section><\/div> <!-- .themestek-element-heading-wrapper container --> [vc_column_text]Nossa empresa conta com profissionais experientes, com mais de 10 anos de atua\u00e7\u00e3o no mercado. Al\u00e9m disso, somos certificados pelas autoridades locais, garantindo a qualidade dos nossos servi\u00e7os. Confie em nossa expertise para atender \u00e0s suas necessidades com efici\u00eancia e seguran\u00e7a.[\/vc_column_text]<div class=\"themestek-ihbox themestek-ihbox-style-12 themestek-ihbox-itype-icon \">\r\n\t<div class=\"themestek-sbox-bgimage-layer themestek-bgimage-layer\"><\/div>\r\n\t<div class=\"themestek-ihbox-wrapper-bg-layer themestek-bg-layer\"><\/div>\r\n\t<div class=\"themestek-ihbox-inner\">\r\n\t\t<div class=\"themestek-ihbox-icon themestek-large-icon\">\r\n\t\t\t<div class=\"themestek-ihbox-icon-wrapper\"><i class=\"themestek-moversco-business-icon themestek-moversco-business-icon-truck\"><\/i><\/div>\t\t<\/div>\r\n\t\t<div class=\"themestek-ihbox-contents\">\r\n\t\t\t<div class=\"themestek-vc_general themestek-vc_cta3 themestek-cta3-only themestek-vc_cta3-style-classic themestek-vc_cta3-shape-rounded themestek-vc_cta3-align-left themestek-vc_cta3-color-transparent themestek-vc_cta3-icon-size-md themestek-vc_cta3-actions-no themestek-cta3-without-desc\"><div class=\"themestek-vc_cta3_content-container\"><div class=\"themestek-vc_cta3-content\"><div class=\"themestek-vc_cta3-content-header themestek-wrap\"><div class=\"themestek-vc_cta3-headers themestek-wrap-cell\"><h2 class=\"themestek-custom-heading \">Servi\u00e7o de montagem e embalamento<\/h2>\n<\/div><\/div><\/div><\/div><\/div>\t\t\t<div class=\"themestek-cta3-content-wrapper\">Oferecemos servi\u00e7o de montagem e embalagem de m\u00f3veis para sua comodidade e seguran\u00e7a durante a mudan\u00e7a.<\/div>\t\t\t\t\t<\/div><!-- .themestek-ihbox-contents -->\r\n\t<\/div>\r\n<\/div>\r\n<div class=\"themestek-ihbox themestek-ihbox-style-12 themestek-ihbox-itype-icon \">\r\n\t<div class=\"themestek-sbox-bgimage-layer themestek-bgimage-layer\"><\/div>\r\n\t<div class=\"themestek-ihbox-wrapper-bg-layer themestek-bg-layer\"><\/div>\r\n\t<div class=\"themestek-ihbox-inner\">\r\n\t\t<div class=\"themestek-ihbox-icon themestek-large-icon\">\r\n\t\t\t<div class=\"themestek-ihbox-icon-wrapper\"><i class=\"themestek-moversco-business-icon themestek-moversco-business-icon-parcel\"><\/i><\/div>\t\t<\/div>\r\n\t\t<div class=\"themestek-ihbox-contents\">\r\n\t\t\t<div class=\"themestek-vc_general themestek-vc_cta3 themestek-cta3-only themestek-vc_cta3-style-classic themestek-vc_cta3-shape-rounded themestek-vc_cta3-align-left themestek-vc_cta3-color-transparent themestek-vc_cta3-icon-size-md themestek-vc_cta3-actions-no themestek-cta3-without-desc\"><div class=\"themestek-vc_cta3_content-container\"><div class=\"themestek-vc_cta3-content\"><div class=\"themestek-vc_cta3-content-header themestek-wrap\"><div class=\"themestek-vc_cta3-headers themestek-wrap-cell\"><h2 class=\"themestek-custom-heading \">Servi\u00e7o de Armazenamento<\/h2>\n<\/div><\/div><\/div><\/div><\/div>\t\t\t<div class=\"themestek-cta3-content-wrapper\">Oferecemos servi\u00e7o de armazenamento de mob\u00edlia seguro e confi\u00e1vel para atender \u00e0s suas necessidades de espa\u00e7o.<\/div>\t\t\t\t\t<\/div><!-- .themestek-ihbox-contents -->\r\n\t<\/div>\r\n<\/div>\r\n[\/vc_column][\/vc_row][vc_row themestek_bgcolor=&#8221;skincolor&#8221; zindex=&#8221;2&#8243; css=&#8221;.vc_custom_1614083267804{padding-top: 75px !important;padding-bottom: 30px !important;}&#8221; el_class=&#8221;ts-border-rounded ts-column-shape&#8221;][vc_column width=&#8221;1\/4&#8243;]<div class=\"themestek-fid inside themestek-fid-boxstyle-without-icon themestek-fidbox-style-7\">\r\n\t<div class=\"themestek-fld-contents\">\r\n\t\t<div class=\"themestek-fid-inner\">\r\n\t\t\t<span\r\n\t\t\t\tdata-appear-animation = \"animateDigits\"\r\n\t\t\t\tdata-from             = \"0\"\r\n\t\t\t\tdata-to               = \"252\"\r\n\t\t\t\tdata-interval         = \"5\"\r\n\t\t\t\t>\r\n\t\t\t\t\t252\t\t\t<\/span>\r\n\t\t\t\t\t<\/div>\r\n\t\t<h3 class=\"themestek-fid-title\"><span>Transportes<br><\/span><\/h3>\r\n\t<\/div><!-- .themestek-fld-contents -->\r\n<\/div>\r\n[\/vc_column][vc_column width=&#8221;1\/4&#8243;]<div class=\"themestek-fid inside themestek-fid-boxstyle-without-icon themestek-fidbox-style-7\">\r\n\t<div class=\"themestek-fld-contents\">\r\n\t\t<div class=\"themestek-fid-inner\">\r\n\t\t\t<span\r\n\t\t\t\tdata-appear-animation = \"animateDigits\"\r\n\t\t\t\tdata-from             = \"0\"\r\n\t\t\t\tdata-to               = \"150\"\r\n\t\t\t\tdata-interval         = \"5\"\r\n\t\t\t\t>\r\n\t\t\t\t\t150\t\t\t<\/span>\r\n\t\t\t<sub>+<\/sub>\t\t<\/div>\r\n\t\t<h3 class=\"themestek-fid-title\"><span>Comercial<br><\/span><\/h3>\r\n\t<\/div><!-- .themestek-fld-contents -->\r\n<\/div>\r\n[\/vc_column][vc_column width=&#8221;1\/4&#8243;]<div class=\"themestek-fid inside themestek-fid-boxstyle-without-icon themestek-fidbox-style-7\">\r\n\t<div class=\"themestek-fld-contents\">\r\n\t\t<div class=\"themestek-fid-inner\">\r\n\t\t\t<span\r\n\t\t\t\tdata-appear-animation = \"animateDigits\"\r\n\t\t\t\tdata-from             = \"0\"\r\n\t\t\t\tdata-to               = \"10\"\r\n\t\t\t\tdata-interval         = \"5\"\r\n\t\t\t\t>\r\n\t\t\t\t\t10\t\t\t<\/span>\r\n\t\t\t<sub>+<\/sub>\t\t<\/div>\r\n\t\t<h3 class=\"themestek-fid-title\"><span>Anos de experi\u00eancia<br><\/span><\/h3>\r\n\t<\/div><!-- .themestek-fld-contents -->\r\n<\/div>\r\n[\/vc_column][vc_column width=&#8221;1\/4&#8243;]<div class=\"themestek-fid inside themestek-fid-boxstyle-without-icon themestek-fidbox-style-7\">\r\n\t<div class=\"themestek-fld-contents\">\r\n\t\t<div class=\"themestek-fid-inner\">\r\n\t\t\t<span\r\n\t\t\t\tdata-appear-animation = \"animateDigits\"\r\n\t\t\t\tdata-from             = \"0\"\r\n\t\t\t\tdata-to               = \"489\"\r\n\t\t\t\tdata-interval         = \"5\"\r\n\t\t\t\t>\r\n\t\t\t\t\t489\t\t\t<\/span>\r\n\t\t\t\t\t<\/div>\r\n\t\t<h3 class=\"themestek-fid-title\"><span>Happy Client<br><\/span><\/h3>\r\n\t<\/div><!-- .themestek-fld-contents -->\r\n<\/div>\r\n[\/vc_column][\/vc_row][vc_row full_width=&#8221;stretch_row&#8221; css=&#8221;.vc_custom_1614082071961{margin-top: -130px !important;padding-top: 230px !important;padding-bottom: 125px !important;background-image: url(https:\/\/moversco-demo.pbminfotech.com\/demo6\/wp-content\/uploads\/sites\/9\/2021\/01\/transparent-bg.png?id=9880) !important;background-position: center !important;background-repeat: no-repeat !important;background-size: cover !important;}&#8221;][vc_column][vc_row_inner gap=&#8221;0px&#8221; css=&#8221;.vc_custom_1614081981259{margin-bottom: 40px !important;}&#8221;][vc_column_inner el_class=&#8221;ts-custom-heading-style&#8221; width=&#8221;5\/12&#8243;]<div class=\"themestek-element-heading-wrapper themestek-heading-inner themestek-element-align-left themestek-seperator-none \"><section class=\"themestek-vc_cta3-container\"><div class=\"themestek-vc_general themestek-vc_cta3 themestek-cta3-only themestek-vc_cta3-style-classic themestek-vc_cta3-shape-rounded themestek-vc_cta3-align-left themestek-vc_cta3-color-transparent themestek-vc_cta3-icon-size-md themestek-vc_cta3-actions-no themestek-cta3-without-desc\"><div class=\"themestek-vc_cta3_content-container\"><div class=\"themestek-vc_cta3-content\"><div class=\"themestek-vc_cta3-content-header themestek-wrap\"><div class=\"themestek-vc_cta3-headers themestek-wrap-cell\"><h4 class=\"themestek-custom-heading \" >O que fazemos?<\/h4>\n<h2 class=\"themestek-custom-heading \" >Servi\u00e7o de Mudan\u00e7as   <strong>e Armazenamento<\/strong><\/h2>\n<\/div><\/div><\/div><\/div><\/div><\/section><\/div> <!-- .themestek-element-heading-wrapper container --> \r\n\t\t<div class=\"themestek-vc_btn3-container themestek-vc_btn3-inline\"><a class=\"themestek-vc_general themestek-vc_btn3 themestek-vc_btn3-size-md themestek-vc_btn3-shape-rounded themestek-vc_btn3-style-flat themestek-vc_btn3-weight-yes themestek-vc_btn3-color-skincolor\" href=\"https:\/\/mudecerto.net\/neweb\/service\/servico-de-armazenamento\/\" title=\"Servi\u00e7o De Armazenamento\">Entrar em contato<\/a><\/div>[\/vc_column_inner][vc_column_inner width=&#8221;7\/12&#8243; css=&#8221;.vc_custom_1614084971451{margin-top: 55px !important;}&#8221; themestek_responsive_css=&#8221;30221203|colbreak_no|||||||||colbreak_no|||||||||colbreak_no|0|||||||||colbreak_no|||||||||&#8221;][vc_column_text]Oferecemos servi\u00e7os profissionais de mudan\u00e7a e armazenamento, com ve\u00edculos autorizados e alvar\u00e1 para transitar. Confie em nossa experi\u00eancia e seguran\u00e7a para atender \u00e0s suas necessidades de mudan\u00e7a e armazenamento.[\/vc_column_text][\/vc_column_inner][\/vc_row_inner][\/vc_column][\/vc_row][vc_row themestek_bgimage_position=&#8221;right_center&#8221; full_width=&#8221;stretch_row_content&#8221; css=&#8221;.vc_custom_1614083621136{padding-top: 0px !important;padding-bottom: 0px !important;background-image: url(https:\/\/moversco-demo.pbminfotech.com\/demo6\/wp-content\/uploads\/sites\/9\/2021\/02\/testmonial-side-bg.png?id=10135) !important;background-position: 0 0 !important;background-repeat: no-repeat !important;}&#8221; el_class=&#8221;themestek-testimonialbox-style-6-main ts-heading-color-new&#8221;][vc_column el_class=&#8221;ts-custom-heading-style&#8221;][vc_row_inner][vc_column_inner]<ul class=\"moversco_contact_widget_wrapper themestek_vc_contact_wrapper\"><\/ul>[\/vc_column_inner][\/vc_row_inner][\/vc_column][\/vc_row][vc_row][vc_column][\/vc_column][\/vc_row]<\/p>\n<\/section>","protected":false},"excerpt":{"rendered":"<p>[vc_row full_width=&#8221;stretch_row_content&#8221; css=&#8221;.vc_custom_1614080913480{padding-top: 0px !important;padding-bottom: 0px !important;}&#8221;][vc_column width=&#8221;1\/2&#8243; offset=&#8221;vc_col-lg-3&#8243;][\/vc_column][vc_column width=&#8221;1\/2&#8243; offset=&#8221;vc_col-lg-3&#8243;][\/vc_column][vc_column width=&#8221;1\/2&#8243; offset=&#8221;vc_col-lg-3&#8243;][\/vc_column][vc_column width=&#8221;1\/2&#8243; offset=&#8221;vc_col-lg-3&#8243;][\/vc_column][\/vc_row][vc_row equal_height=&#8221;yes&#8221; css=&#8221;.vc_custom_1614084937811{padding-top: 110px !important;padding-bottom: 100px !important;}&#8221; themestek_responsive_css=&#8221;66818231|colbreak_no|||||||||colbreak_yes|||||90||70||colbreak_no|||||50||40|||colbreak_no|||||||||&#8221;][vc_column width=&#8221;1\/2&#8243; css=&#8221;.vc_custom_1614163996852{background-image: url(https:\/\/mudecerto.net\/neweb\/wp-content\/uploads\/2021\/02\/new-img.png?id=9742) !important;background-position: 0 0 !important;background-repeat: no-repeat !important;}&#8221;][\/vc_column][vc_column width=&#8221;1\/2&#8243; css=&#8221;.vc_custom_1614084889898{padding-top: 50px !important;padding-left: 40px !important;}&#8221; el_class=&#8221;ts-custom-heading-style ts-progress-rounded&#8221; themestek_responsive_css=&#8221;42581711|colbreak_no|||||||||colbreak_no||||||||15|colbreak_no||||||||||colbreak_no|||||||||&#8221;][vc_column_text]Nossa empresa conta com profissionais experientes, com mais de 10 anos de atua\u00e7\u00e3o no mercado. Al\u00e9m &hellip; <a href=\"https:\/\/mudecerto.net\/neweb\/\" class=\"more-link\">Continue reading <span class=\"screen-reader-text\">Homepage-6<\/span><\/a><\/p>\n","protected":false},"author":1,"featured_media":0,"parent":0,"menu_order":6,"comment_status":"closed","ping_status":"closed","template":"","meta":{"_coblocks_attr":"","_coblocks_dimensions":"","_coblocks_responsive_height":"","_coblocks_accordion_ie_support":""},"_links":{"self":[{"href":"https:\/\/mudecerto.net\/neweb\/wp-json\/wp\/v2\/pages\/9740"}],"collection":[{"href":"https:\/\/mudecerto.net\/neweb\/wp-json\/wp\/v2\/pages"}],"about":[{"href":"https:\/\/mudecerto.net\/neweb\/wp-json\/wp\/v2\/types\/page"}],"author":[{"embeddable":true,"href":"https:\/\/mudecerto.net\/neweb\/wp-json\/wp\/v2\/users\/1"}],"replies":[{"embeddable":true,"href":"https:\/\/mudecerto.net\/neweb\/wp-json\/wp\/v2\/comments?post=9740"}],"version-history":[{"count":18,"href":"https:\/\/mudecerto.net\/neweb\/wp-json\/wp\/v2\/pages\/9740\/revisions"}],"predecessor-version":[{"id":9911,"href":"https:\/\/mudecerto.net\/neweb\/wp-json\/wp\/v2\/pages\/9740\/revisions\/9911"}],"wp:attachment":[{"href":"https:\/\/mudecerto.net\/neweb\/wp-json\/wp\/v2\/media?parent=9740"}],"curies":[{"name":"wp","href":"https:\/\/api.w.org\/{rel}","templated":true}]}}